{"id":5302,"date":"2021-04-29T12:05:41","date_gmt":"2021-04-29T10:05:41","guid":{"rendered":"https:\/\/www.liftwerk.de\/lifts\/additions\/"},"modified":"2021-08-11T16:43:39","modified_gmt":"2021-08-11T14:43:39","slug":"additions","status":"publish","type":"page","link":"https:\/\/www.liftwerk.de\/en\/lifts\/additions\/","title":{"rendered":"Additions"},"content":{"rendered":"<div class=\"wpb-content-wrapper\"><p>[vc_row][vc_column][vc_custom_heading text=&#8221;ORIGINAL ADDITIONS FOR YOUR LIFTWERK LIFT<small>Configurate your lift according to your own wishes. <\/small>&#8221; font_container=&#8221;tag:h1|text_align:left&#8221; use_theme_fonts=&#8221;yes&#8221;][vc_column_text]Following you get a complete overview about our available additions for our current lifts. From radio control to the automatic door for the upper station, there is a lot to discover.[\/vc_column_text][\/vc_column][\/vc_row][vc_row][vc_column][vc_empty_space][vc_separator border_width=&#8221;2&#8243;][vc_empty_space][\/vc_column][\/vc_row][vc_row content_placement=&#8221;middle&#8221;][vc_column width=&#8221;1\/2&#8243;][vc_single_image image=&#8221;5335&#8243; img_size=&#8221;large&#8221;][\/vc_column][vc_column width=&#8221;1\/2&#8243;][vc_column_text]<\/p>\n<h2>NEW! CONTROL YOUR LIFT WITH YOUR SMARTPHONE \u2013 VIA BLUETOOTH<\/h2>\n<p>Nowadays, there is an app for everything. Even for your Liftwerk lift. Just download the app from the google playstore or the apple app store and connect with your lift via Bluetooth. Simply search for \u201cHublift\u201d and you will find it right away. Or click on one of the following links:<\/p>\n<p><a href=\"https:\/\/appsto.re\/de\/r-ph6.i\"><strong>Download Lift-App for Apple iPhone, iPad, iPod<\/strong><\/a><\/p>\n<p><a href=\"https:\/\/play.google.com\/store\/apps\/details?id=patrick.com.stuhl\"><strong>Download Lift-App for Android<\/strong><\/a><\/p>\n<p>Pushing stiff buttons is a thing of the past:<\/p>\n<p>Just lay you finger on your smartphone and get started. Your smartphone has to be able to use Bluetooth Low Energy 4.0 for you to use this feature. All modern phones are already equipped with it.<\/p>\n<p>A security code protects against unauthorised access, the emergency button connects you with a phone number of your choice.[\/vc_column_text][\/vc_column][\/vc_row][vc_row][vc_column][vc_empty_space][vc_separator border_width=&#8221;2&#8243;][vc_empty_space][\/vc_column][\/vc_row][vc_row][vc_column width=&#8221;1\/2&#8243;][vc_single_image image=&#8221;5311&#8243; img_size=&#8221;360&#215;320&#8243; onclick=&#8221;link_image&#8221;][vc_column_text]<\/p>\n<h2>WIRED HANDHELD CONTROL \u2013 THE STANDARD<\/h2>\n<p>When you receive your Liftwerk lift, the standard way of control is always with the wired handheld control, which belongs to the delivery scope. It is completely sufficient for the usage in a private area. The curled cable is extremely extendible and flexible, you can put it on your lift wherever you want to.[\/vc_column_text][\/vc_column][vc_column width=&#8221;1\/2&#8243;][vc_single_image image=&#8221;5313&#8243; img_size=&#8221;360&#215;320&#8243; onclick=&#8221;link_image&#8221;][vc_column_text]<\/p>\n<h2>RADIO CONTROL<\/h2>\n<p>You need a comfortable and safe way to control your Liftwerk lift?<\/p>\n<p>Then the radio control is just the right thing for you.<\/p>\n<p>On a lift equipped with radio control, you can connect up to 32 hand control units.<\/p>\n<p>If the batteries are low, this is not a problem at all. The radio control units run with customary AAA-Batteries, which you can easily change.<\/p>\n<p>STARTING NOW: When you order the radio control for your lift, you automatically get the Bluetooth control for your smartphone as well \u2013 for free![\/vc_column_text][\/vc_column][\/vc_row][vc_row][vc_column width=&#8221;1\/3&#8243;][vc_single_image image=&#8221;5309&#8243; img_size=&#8221;360&#215;320&#8243; onclick=&#8221;link_image&#8221;][vc_column_text]<\/p>\n<h2>CONTROL PANEL WITH SENSOR BUTTONS ON THE PLATFORM<\/h2>\n<p>The control of your lift should be extra sturdy and safe?<\/p>\n<p>This is no problem for our control panel which can be ordered by choice with or without a key.<\/p>\n<p>The sensor buttons are extremely robust and vandalism proof and therefore fit perfectly for the installation in a public area.<\/p>\n<p>Thanks to their size and the sensor surface, the user needs nearly no force when pressing the button \u2013 a big plus for comfort.<\/p>\n<p>You can also use your own key-locking system, if you want to. In our control panel, a standard key cylinder with 40 mm fitting length can be installed without problems. There is even place for the popular Euro-Key.[\/vc_column_text][\/vc_column][vc_column width=&#8221;1\/3&#8243;][vc_single_image image=&#8221;5307&#8243; img_size=&#8221;360&#215;320&#8243; onclick=&#8221;link_image&#8221;][vc_column_text]<\/p>\n<h2>CALL BUTTONS ON THE STOPS<\/h2>\n<p>The ideal addition to the control panel.<\/p>\n<p>The casing of our call buttons is made of 2mm stainless steel und therefore extremely robust.<\/p>\n<p>Using the same buttons as on the control panel guarantees a high level of vandalism protection and longevity. The sensor buttons are also used here for an increase of comfort.<\/p>\n<p>The call buttons are also available with or without a key.<\/p>\n<p>You can also use your own key-locking system, if you want to. In our control panel, a standard key cylinder with 40 mm fitting length can be installed without problems. Here is enough place for the Euro-Key as well.[\/vc_column_text][\/vc_column][vc_column width=&#8221;1\/3&#8243;][vc_single_image image=&#8221;4823&#8243; img_size=&#8221;360&#215;320&#8243; onclick=&#8221;link_image&#8221;][vc_column_text]<\/p>\n<h2>STAINLESS STEEL PILLAR FOR CALL BUTTONS<\/h2>\n<p>If you do not have any possibilities to install the call button near your lift, our stainless steel pillar can help you out. It will be fixed on the ground and the buttons will be mounted into it.[\/vc_column_text][\/vc_column][\/vc_row][vc_row][vc_column width=&#8221;1\/3&#8243;][vc_single_image image=&#8221;4830&#8243; img_size=&#8221;360&#215;320&#8243; onclick=&#8221;link_image&#8221;][vc_column_text]<\/p>\n<h2>BARRIER FOR LOWER EXIT<\/h2>\n<p>Your Liftwerk Lift already offers a safe roll-off protection for wheelchair users with its standard automatic ramp.<\/p>\n<p>If you want to, your Liftwerk lift can also be equipped with an automatic barrier towards the lower exit. It offers additional security and safety for rollator users or accompanying persons.[\/vc_column_text][\/vc_column][vc_column width=&#8221;1\/3&#8243;][vc_single_image image=&#8221;4826&#8243; img_size=&#8221;360&#215;320&#8243; onclick=&#8221;link_image&#8221;][vc_column_text]<\/p>\n<h2>SAFETY GATE ON PLATFORM FOR UPPER STATION<\/h2>\n<p>You want a fall protection for the upper station but do not want to put a lot of work into it?<\/p>\n<p>Then simply order our safety gate.<\/p>\n<p>The bar will be mounted on the platform and drives with it. When the lift is standing in its lower stop, the bar blocks the entry on the upper edge. Is the lift driven to the upper station, one can walk under the bar without a problem.[\/vc_column_text][\/vc_column][vc_column width=&#8221;1\/3&#8243;][vc_single_image image=&#8221;4833&#8243; img_size=&#8221;360&#215;320&#8243; onclick=&#8221;link_image&#8221;][vc_column_text]<\/p>\n<h2>STAINLESS STEEL DOOR FOR THE UPPER STATION<\/h2>\n<p>Maximum security for the upper station with our stainless steel door.<\/p>\n<p>Made of stainless steel and aluminium, our door guarantees a long life expectancy.<\/p>\n<p>The door filling is made out of a polycarbonate plate in white. The filling can optionally be transparent as well.<\/p>\n<p>The door is available as DIN left or DIN right.<\/p>\n<p>By choice, the upper call button can be installed into the door post.<\/p>\n<p>To bring the usage to perfection, we can additionally offer you an electrical automatic door opener. This one opens the door itself when the lift arrives at the upper station and is able to detect obstacles. Naturally, the door opener closes the door as well after using. An absolute plus for comfort.[\/vc_column_text][\/vc_column][\/vc_row][vc_row][vc_column width=&#8221;1\/3&#8243;][vc_single_image image=&#8221;5319&#8243; img_size=&#8221;360&#215;320&#8243; onclick=&#8221;link_image&#8221;][vc_column_text]<\/p>\n<h2>AUTOMATIC DOOR OPENER<\/h2>\n<p>If it should be even more convenient, our Liftwerk-door can also be equipped with an automatic door opener. It electrically opens and closes the door, detects obstacles and blinks while opening.<\/p>\n<p>On the right picture you can see the automatic door opener installed on a MB1700 lift \u2013 an absolute plus for comfort, especially for wheelchair users or users with restricted mobility.[\/vc_column_text][\/vc_column][vc_column width=&#8221;1\/3&#8243;][vc_single_image image=&#8221;5317&#8243; img_size=&#8221;360&#215;320&#8243; onclick=&#8221;link_image&#8221;][vc_column_text]<\/p>\n<h2>BATTERY-BACKED EMERGENCY LOWERING<\/h2>\n<p>If your house has often to deal with power failures, we offer you the possibility to build a battery-backed emergency lowering into your lift.<\/p>\n<p>If the power fails again, you simply take the key from your emergency stop and put it into the small key switch on the opposite side, turn it to the right and you start driving downwards with the battery. So you can free yourself from the lift without needing further help from a third person.[\/vc_column_text][\/vc_column][vc_column width=&#8221;1\/3&#8243;][vc_single_image image=&#8221;5315&#8243; img_size=&#8221;360&#215;320&#8243; onclick=&#8221;link_image&#8221;][vc_column_text]<\/p>\n<h2>POWDER-COATED STAINLESS STEEL SHEETS<\/h2>\n<p>The stainless steel look does not meet your taste?<\/p>\n<p>Then choose the RAL-Colour of your wish and let the outer stainless sheets of the lift get powder coated. Or maybe even more colours, you decide what your lift will look like.[\/vc_column_text][\/vc_column][\/vc_row][vc_row][vc_column width=&#8221;1\/3&#8243;][vc_single_image image=&#8221;4772&#8243; img_size=&#8221;360&#215;320&#8243; onclick=&#8221;link_image&#8221;][vc_column_text]<\/p>\n<h2>EMERGENCY PHONE SAFELINE MX3+ WITH EMERGENCY BUTTON<\/h2>\n<p>In case of an emergency you can call a phone number of your choice with our emergency phone.<\/p>\n<p>Simply lodge the number and quickly call help with pushing the button.[\/vc_column_text][\/vc_column][vc_column width=&#8221;1\/3&#8243;][vc_single_image image=&#8221;4769&#8243; img_size=&#8221;360&#215;320&#8243; onclick=&#8221;link_image&#8221;][vc_column_text]<\/p>\n<h2>Barrierefreifahrt<\/h2>\n<p>Die neue Verschl\u00fcsselungsvariante \u2013 ganz ohne Schl\u00fcssel! Barrierefreifahrt verriegelt deinen Lift elektronisch. Um mit Barriere Freifahrt ausger\u00fcstete Lifte benutzen zu k\u00f6nnen, registrierst du dich schnell und einfach online. Nach Anmeldung erh\u00e4ltst du vollen Zugriff und kannst verschiedene Lifte kennen- und benutzen lernen. Die Systeme aktivierst du bequem \u00fcber die App oder \u00fcber einen bestellbaren NFC-Chip.<\/p>\n<p>Mehr Informationen zu Barrierefreifahrt findest du <a href=\"https:\/\/www.liftwerk.de\/lifte\/barriere-freifahrt\/\">hier<\/a>.[\/vc_column_text][\/vc_column][vc_column width=&#8221;1\/3&#8243;][\/vc_column][\/vc_row]<\/p>\n<\/div>","protected":false},"excerpt":{"rendered":"<p>[vc_row][vc_column][vc_custom_heading text=&#8221;ORIGINAL ADDITIONS FOR YOUR LIFTWERK LIFTConfigurate your lift according to your own wishes. &#8221; font_container=&#8221;tag:h1|text_align:left&#8221; use_theme_fonts=&#8221;yes&#8221;][vc_column_text]Following you get a <a class=\"excerpt-read-more\" href=\"https:\/\/www.liftwerk.de\/en\/lifts\/additions\/\" title=\"weiterAdditions\">[&#8230;]<\/a><\/p>\n","protected":false},"author":1,"featured_media":5305,"parent":5233,"menu_order":0,"comment_status":"closed","ping_status":"closed","template":"","meta":{"footnotes":""},"class_list":["post-5302","page","type-page","status-publish","has-post-thumbnail","hentry"],"yoast_head":"<!-- This site is optimized with the Yoast SEO plugin v27.4 - https:\/\/yoast.com\/product\/yoast-seo-wordpress\/ -->\n<title>Additions &#183; Liftwerk \u2013 the wheelchair lift specialist.<\/title>\n<meta name=\"robots\" content=\"index, follow, max-snippet:-1, max-image-preview:large, max-video-preview:-1\" \/>\n<link rel=\"canonical\" href=\"https:\/\/www.liftwerk.de\/en\/lifts\/additions\/\" \/>\n<meta property=\"og:locale\" content=\"en_US\" \/>\n<meta property=\"og:type\" content=\"article\" \/>\n<meta property=\"og:title\" content=\"Additions &#183; Liftwerk \u2013 the wheelchair lift specialist.\" \/>\n<meta property=\"og:description\" content=\"[vc_row][vc_column][vc_custom_heading text=&#8221;ORIGINAL ADDITIONS FOR YOUR LIFTWERK LIFTConfigurate your lift according to your own wishes. &#8221; font_container=&#8221;tag:h1|text_align:left&#8221; use_theme_fonts=&#8221;yes&#8221;][vc_column_text]Following you get a [...]\" \/>\n<meta property=\"og:url\" content=\"https:\/\/www.liftwerk.de\/en\/lifts\/additions\/\" \/>\n<meta property=\"og:site_name\" content=\"Liftwerk \u2013 the wheelchair lift specialist.\" \/>\n<meta property=\"article:modified_time\" content=\"2021-08-11T14:43:39+00:00\" \/>\n<meta property=\"og:image\" content=\"https:\/\/www.liftwerk.de\/wp-content\/uploads\/2019\/04\/zubehoer-sensor-tasten.jpeg\" \/>\n\t<meta property=\"og:image:width\" content=\"3264\" \/>\n\t<meta property=\"og:image:height\" content=\"2448\" \/>\n\t<meta property=\"og:image:type\" content=\"image\/jpeg\" \/>\n<meta name=\"twitter:card\" content=\"summary_large_image\" \/>\n<meta name=\"twitter:label1\" content=\"Est. reading time\" \/>\n\t<meta name=\"twitter:data1\" content=\"6 minutes\" \/>\n<script type=\"application\/ld+json\" class=\"yoast-schema-graph\">{\"@context\":\"https:\\\/\\\/schema.org\",\"@graph\":[{\"@type\":\"WebPage\",\"@id\":\"https:\\\/\\\/www.liftwerk.de\\\/en\\\/lifts\\\/additions\\\/\",\"url\":\"https:\\\/\\\/www.liftwerk.de\\\/en\\\/lifts\\\/additions\\\/\",\"name\":\"Additions &#183; Liftwerk \u2013 the wheelchair lift specialist.\",\"isPartOf\":{\"@id\":\"https:\\\/\\\/www.liftwerk.de\\\/en\\\/#website\"},\"primaryImageOfPage\":{\"@id\":\"https:\\\/\\\/www.liftwerk.de\\\/en\\\/lifts\\\/additions\\\/#primaryimage\"},\"image\":{\"@id\":\"https:\\\/\\\/www.liftwerk.de\\\/en\\\/lifts\\\/additions\\\/#primaryimage\"},\"thumbnailUrl\":\"https:\\\/\\\/www.liftwerk.de\\\/wp-content\\\/uploads\\\/2019\\\/04\\\/zubehoer-sensor-tasten.jpeg\",\"datePublished\":\"2021-04-29T10:05:41+00:00\",\"dateModified\":\"2021-08-11T14:43:39+00:00\",\"breadcrumb\":{\"@id\":\"https:\\\/\\\/www.liftwerk.de\\\/en\\\/lifts\\\/additions\\\/#breadcrumb\"},\"inLanguage\":\"en-US\",\"potentialAction\":[{\"@type\":\"ReadAction\",\"target\":[\"https:\\\/\\\/www.liftwerk.de\\\/en\\\/lifts\\\/additions\\\/\"]}]},{\"@type\":\"ImageObject\",\"inLanguage\":\"en-US\",\"@id\":\"https:\\\/\\\/www.liftwerk.de\\\/en\\\/lifts\\\/additions\\\/#primaryimage\",\"url\":\"https:\\\/\\\/www.liftwerk.de\\\/wp-content\\\/uploads\\\/2019\\\/04\\\/zubehoer-sensor-tasten.jpeg\",\"contentUrl\":\"https:\\\/\\\/www.liftwerk.de\\\/wp-content\\\/uploads\\\/2019\\\/04\\\/zubehoer-sensor-tasten.jpeg\",\"width\":3264,\"height\":2448,\"caption\":\"Bedientableu mit Sensor-Tasten\"},{\"@type\":\"BreadcrumbList\",\"@id\":\"https:\\\/\\\/www.liftwerk.de\\\/en\\\/lifts\\\/additions\\\/#breadcrumb\",\"itemListElement\":[{\"@type\":\"ListItem\",\"position\":1,\"name\":\"Homepage\",\"item\":\"https:\\\/\\\/www.liftwerk.de\\\/en\\\/\"},{\"@type\":\"ListItem\",\"position\":2,\"name\":\"Lifts\",\"item\":\"https:\\\/\\\/www.liftwerk.de\\\/en\\\/lifte\\\/\"},{\"@type\":\"ListItem\",\"position\":3,\"name\":\"Additions\"}]},{\"@type\":\"WebSite\",\"@id\":\"https:\\\/\\\/www.liftwerk.de\\\/en\\\/#website\",\"url\":\"https:\\\/\\\/www.liftwerk.de\\\/en\\\/\",\"name\":\"Liftwerk \u2013 the wheelchair lift specialist.\",\"description\":\"\",\"publisher\":{\"@id\":\"https:\\\/\\\/www.liftwerk.de\\\/en\\\/#organization\"},\"potentialAction\":[{\"@type\":\"SearchAction\",\"target\":{\"@type\":\"EntryPoint\",\"urlTemplate\":\"https:\\\/\\\/www.liftwerk.de\\\/en\\\/?s={search_term_string}\"},\"query-input\":{\"@type\":\"PropertyValueSpecification\",\"valueRequired\":true,\"valueName\":\"search_term_string\"}}],\"inLanguage\":\"en-US\"},{\"@type\":\"Organization\",\"@id\":\"https:\\\/\\\/www.liftwerk.de\\\/en\\\/#organization\",\"name\":\"Liftwerk GmbH\",\"url\":\"https:\\\/\\\/www.liftwerk.de\\\/en\\\/\",\"logo\":{\"@type\":\"ImageObject\",\"inLanguage\":\"en-US\",\"@id\":\"https:\\\/\\\/www.liftwerk.de\\\/en\\\/#\\\/schema\\\/logo\\\/image\\\/\",\"url\":\"https:\\\/\\\/www.liftwerk.de\\\/wp-content\\\/uploads\\\/2021\\\/08\\\/liftwerk-logo-login2x.png\",\"contentUrl\":\"https:\\\/\\\/www.liftwerk.de\\\/wp-content\\\/uploads\\\/2021\\\/08\\\/liftwerk-logo-login2x.png\",\"width\":640,\"height\":172,\"caption\":\"Liftwerk GmbH\"},\"image\":{\"@id\":\"https:\\\/\\\/www.liftwerk.de\\\/en\\\/#\\\/schema\\\/logo\\\/image\\\/\"}}]}<\/script>\n<!-- \/ Yoast SEO plugin. -->","yoast_head_json":{"title":"Additions &#183; Liftwerk \u2013 the wheelchair lift specialist.","robots":{"index":"index","follow":"follow","max-snippet":"max-snippet:-1","max-image-preview":"max-image-preview:large","max-video-preview":"max-video-preview:-1"},"canonical":"https:\/\/www.liftwerk.de\/en\/lifts\/additions\/","og_locale":"en_US","og_type":"article","og_title":"Additions &#183; Liftwerk \u2013 the wheelchair lift specialist.","og_description":"[vc_row][vc_column][vc_custom_heading text=&#8221;ORIGINAL ADDITIONS FOR YOUR LIFTWERK LIFTConfigurate your lift according to your own wishes. &#8221; font_container=&#8221;tag:h1|text_align:left&#8221; use_theme_fonts=&#8221;yes&#8221;][vc_column_text]Following you get a [...]","og_url":"https:\/\/www.liftwerk.de\/en\/lifts\/additions\/","og_site_name":"Liftwerk \u2013 the wheelchair lift specialist.","article_modified_time":"2021-08-11T14:43:39+00:00","og_image":[{"width":3264,"height":2448,"url":"https:\/\/www.liftwerk.de\/wp-content\/uploads\/2019\/04\/zubehoer-sensor-tasten.jpeg","type":"image\/jpeg"}],"twitter_card":"summary_large_image","twitter_misc":{"Est. reading time":"6 minutes"},"schema":{"@context":"https:\/\/schema.org","@graph":[{"@type":"WebPage","@id":"https:\/\/www.liftwerk.de\/en\/lifts\/additions\/","url":"https:\/\/www.liftwerk.de\/en\/lifts\/additions\/","name":"Additions &#183; Liftwerk \u2013 the wheelchair lift specialist.","isPartOf":{"@id":"https:\/\/www.liftwerk.de\/en\/#website"},"primaryImageOfPage":{"@id":"https:\/\/www.liftwerk.de\/en\/lifts\/additions\/#primaryimage"},"image":{"@id":"https:\/\/www.liftwerk.de\/en\/lifts\/additions\/#primaryimage"},"thumbnailUrl":"https:\/\/www.liftwerk.de\/wp-content\/uploads\/2019\/04\/zubehoer-sensor-tasten.jpeg","datePublished":"2021-04-29T10:05:41+00:00","dateModified":"2021-08-11T14:43:39+00:00","breadcrumb":{"@id":"https:\/\/www.liftwerk.de\/en\/lifts\/additions\/#breadcrumb"},"inLanguage":"en-US","potentialAction":[{"@type":"ReadAction","target":["https:\/\/www.liftwerk.de\/en\/lifts\/additions\/"]}]},{"@type":"ImageObject","inLanguage":"en-US","@id":"https:\/\/www.liftwerk.de\/en\/lifts\/additions\/#primaryimage","url":"https:\/\/www.liftwerk.de\/wp-content\/uploads\/2019\/04\/zubehoer-sensor-tasten.jpeg","contentUrl":"https:\/\/www.liftwerk.de\/wp-content\/uploads\/2019\/04\/zubehoer-sensor-tasten.jpeg","width":3264,"height":2448,"caption":"Bedientableu mit Sensor-Tasten"},{"@type":"BreadcrumbList","@id":"https:\/\/www.liftwerk.de\/en\/lifts\/additions\/#breadcrumb","itemListElement":[{"@type":"ListItem","position":1,"name":"Homepage","item":"https:\/\/www.liftwerk.de\/en\/"},{"@type":"ListItem","position":2,"name":"Lifts","item":"https:\/\/www.liftwerk.de\/en\/lifte\/"},{"@type":"ListItem","position":3,"name":"Additions"}]},{"@type":"WebSite","@id":"https:\/\/www.liftwerk.de\/en\/#website","url":"https:\/\/www.liftwerk.de\/en\/","name":"Liftwerk \u2013 the wheelchair lift specialist.","description":"","publisher":{"@id":"https:\/\/www.liftwerk.de\/en\/#organization"},"potentialAction":[{"@type":"SearchAction","target":{"@type":"EntryPoint","urlTemplate":"https:\/\/www.liftwerk.de\/en\/?s={search_term_string}"},"query-input":{"@type":"PropertyValueSpecification","valueRequired":true,"valueName":"search_term_string"}}],"inLanguage":"en-US"},{"@type":"Organization","@id":"https:\/\/www.liftwerk.de\/en\/#organization","name":"Liftwerk GmbH","url":"https:\/\/www.liftwerk.de\/en\/","logo":{"@type":"ImageObject","inLanguage":"en-US","@id":"https:\/\/www.liftwerk.de\/en\/#\/schema\/logo\/image\/","url":"https:\/\/www.liftwerk.de\/wp-content\/uploads\/2021\/08\/liftwerk-logo-login2x.png","contentUrl":"https:\/\/www.liftwerk.de\/wp-content\/uploads\/2021\/08\/liftwerk-logo-login2x.png","width":640,"height":172,"caption":"Liftwerk GmbH"},"image":{"@id":"https:\/\/www.liftwerk.de\/en\/#\/schema\/logo\/image\/"}}]}},"_links":{"self":[{"href":"https:\/\/www.liftwerk.de\/en\/wp-json\/wp\/v2\/pages\/5302","targetHints":{"allow":["GET"]}}],"collection":[{"href":"https:\/\/www.liftwerk.de\/en\/wp-json\/wp\/v2\/pages"}],"about":[{"href":"https:\/\/www.liftwerk.de\/en\/wp-json\/wp\/v2\/types\/page"}],"author":[{"embeddable":true,"href":"https:\/\/www.liftwerk.de\/en\/wp-json\/wp\/v2\/users\/1"}],"replies":[{"embeddable":true,"href":"https:\/\/www.liftwerk.de\/en\/wp-json\/wp\/v2\/comments?post=5302"}],"version-history":[{"count":11,"href":"https:\/\/www.liftwerk.de\/en\/wp-json\/wp\/v2\/pages\/5302\/revisions"}],"predecessor-version":[{"id":5569,"href":"https:\/\/www.liftwerk.de\/en\/wp-json\/wp\/v2\/pages\/5302\/revisions\/5569"}],"up":[{"embeddable":true,"href":"https:\/\/www.liftwerk.de\/en\/wp-json\/wp\/v2\/pages\/5233"}],"wp:featuredmedia":[{"embeddable":true,"href":"https:\/\/www.liftwerk.de\/en\/wp-json\/wp\/v2\/media\/5305"}],"wp:attachment":[{"href":"https:\/\/www.liftwerk.de\/en\/wp-json\/wp\/v2\/media?parent=5302"}],"curies":[{"name":"wp","href":"https:\/\/api.w.org\/{rel}","templated":true}]}}