{"id":5220,"date":"2019-03-06T13:04:38","date_gmt":"2019-03-06T12:04:38","guid":{"rendered":"https:\/\/www.liftwerk.de\/liftwerk\/komponentenfertigung\/"},"modified":"2021-08-11T16:45:18","modified_gmt":"2021-08-11T14:45:18","slug":"component-production","status":"publish","type":"page","link":"https:\/\/www.liftwerk.de\/en\/liftwerk\/component-production\/","title":{"rendered":"Component production"},"content":{"rendered":"<div class=\"wpb-content-wrapper\"><p>[vc_row][vc_column][vc_custom_heading text=&#8221;Component production<br \/>\n<small>Know-how together with the innovation of the lift specialist.<\/small>&#8221; font_container=&#8221;tag:h1|text_align:left&#8221; use_theme_fonts=&#8221;yes&#8221;][vc_empty_space][\/vc_column][\/vc_row][vc_row full_width=&#8221;stretch_row&#8221; css=&#8221;.vc_custom_1555415615140{background-color: #ef7d00 !important;}&#8221;][vc_column][vc_empty_space][vc_column_text el_class=&#8221;text-white&#8221;]<strong>AS INDIVIDUAL AS YOUR PRODUCT<\/strong><br \/>\nYou are searching for a solution to produce your components? Then we are the right partner for you.[\/vc_column_text][vc_separator color=&#8221;white&#8221; border_width=&#8221;2&#8243;][vc_row_inner][vc_column_inner width=&#8221;1\/5&#8243;][vc_icon icon_fontawesome=&#8221;fa fa-wrench&#8221; color=&#8221;white&#8221; css=&#8221;.vc_custom_1555501016544{margin-bottom: 0px !important;}&#8221;][vc_column_text el_class=&#8221;text-white&#8221;]Production of high quality components according to customers wish[\/vc_column_text][\/vc_column_inner][vc_column_inner width=&#8221;1\/5&#8243;][vc_icon icon_fontawesome=&#8221;fa fa-sign-in&#8221; color=&#8221;white&#8221; css=&#8221;.vc_custom_1555501026163{margin-bottom: 0px !important;}&#8221;][vc_column_text el_class=&#8221;text-white&#8221;]Integration in already existing construction plans and processes.[\/vc_column_text][\/vc_column_inner][vc_column_inner width=&#8221;1\/5&#8243;][vc_icon icon_fontawesome=&#8221;fa fa-handshake-o&#8221; color=&#8221;white&#8221; css=&#8221;.vc_custom_1555501029740{margin-bottom: 0px !important;}&#8221;][vc_column_text el_class=&#8221;text-white&#8221;]Everything from one source[\/vc_column_text][\/vc_column_inner][vc_column_inner width=&#8221;1\/5&#8243;][vc_icon icon_fontawesome=&#8221;fa fa-thumbs-o-up&#8221; color=&#8221;white&#8221; css=&#8221;.vc_custom_1555501033542{margin-bottom: 0px !important;}&#8221;][vc_column_text el_class=&#8221;text-white&#8221;]Flexible, fast and individual[\/vc_column_text][\/vc_column_inner][vc_column_inner width=&#8221;1\/5&#8243;][vc_icon icon_fontawesome=&#8221;fa fa-globe&#8221; color=&#8221;white&#8221; css=&#8221;.vc_custom_1555501037677{margin-bottom: 0px !important;}&#8221;][vc_column_text el_class=&#8221;text-white&#8221;]100 % Made in Germany[\/vc_column_text][\/vc_column_inner][\/vc_row_inner][vc_empty_space][\/vc_column][\/vc_row][vc_row][vc_column][vc_empty_space][\/vc_column][\/vc_row][vc_row][vc_column width=&#8221;1\/2&#8243;][vc_column_text]<\/p>\n<h3>WHO WE ARE AND WHAT WE DO<\/h3>\n<p>To rethink known technique \u2013 this the claim of Liftwerk. As a buyout from Herkules Hebetechnik GmbH, we combine 20 years of experience in the development and production of wheelchair lifts with fresh technique- and design ideas. Liftwerk does not only develop and produce systems and components for themselves, but also for famous manufactures of the industry sector.[\/vc_column_text][\/vc_column][vc_column width=&#8221;1\/2&#8243;][vc_column_text]<\/p>\n<h3>QUALITY MADE IN GERMANY<\/h3>\n<p>As a specialist in the sector, Liftwerk is a popular contact and innovator for developing and producing wheelchair lifts. The component production for customer orders is an important part of the portfolio. High quality products, individually, flexible and reliably produced in Germany excel the company. Liftwerk engineers can also help their customers to develop new components and include them in their existing constructions.[\/vc_column_text][\/vc_column][\/vc_row][vc_row][vc_column][vc_empty_space][\/vc_column][\/vc_row][vc_row full_width=&#8221;stretch_row_content_no_spaces&#8221;][vc_column width=&#8221;1\/3&#8243;][vc_single_image image=&#8221;5221&#8243; img_size=&#8221;700&#215;400&#8243; css=&#8221;.vc_custom_1555416552462{margin-bottom: 0px !important;}&#8221;][vc_column_text css=&#8221;.vc_custom_1555418445582{padding-top: 15px !important;padding-right: 15px !important;padding-bottom: 15px !important;padding-left: 15px !important;background-color: #ef7d00 !important;}&#8221; el_class=&#8221;text-white&#8221;]<small>Immer perfekt beraten<\/small>[\/vc_column_text][\/vc_column][vc_column width=&#8221;1\/3&#8243;][vc_single_image image=&#8221;5224&#8243; img_size=&#8221;700&#215;400&#8243; css=&#8221;.vc_custom_1555416564005{margin-bottom: 0px !important;}&#8221;][vc_column_text css=&#8221;.vc_custom_1555418465729{padding-top: 15px !important;padding-right: 15px !important;padding-bottom: 15px !important;padding-left: 15px !important;background-color: #ef7d00 !important;}&#8221; el_class=&#8221;text-white&#8221;]<small>Abkanntpresse bis 130 t und 3000 mm<\/small>[\/vc_column_text][\/vc_column][vc_column width=&#8221;1\/3&#8243;][vc_single_image image=&#8221;5225&#8243; img_size=&#8221;700&#215;400&#8243; css=&#8221;.vc_custom_1555416569933{margin-bottom: 0px !important;}&#8221;][vc_column_text css=&#8221;.vc_custom_1555418486599{padding-top: 15px !important;padding-right: 15px !important;padding-bottom: 15px !important;padding-left: 15px !important;background-color: #ef7d00 !important;}&#8221; el_class=&#8221;text-white&#8221;]<small>Integration in Ihre Konstruktionen<\/small>[\/vc_column_text][\/vc_column][\/vc_row][vc_row full_width=&#8221;stretch_row_content_no_spaces&#8221;][vc_column][vc_single_image image=&#8221;5478&#8243; img_size=&#8221;full&#8221; alignment=&#8221;right&#8221;][\/vc_column][\/vc_row][vc_section full_width=&#8221;stretch_row&#8221; full_height=&#8221;yes&#8221; content_placement=&#8221;middle&#8221; parallax=&#8221;content-moving&#8221; parallax_image=&#8221;392&#8243;][vc_row content_placement=&#8221;middle&#8221; css=&#8221;.vc_custom_1555417310267{background-position: center !important;background-repeat: no-repeat !important;background-size: cover !important;}&#8221; el_class=&#8221;lwbox&#8221;][vc_column][vc_custom_heading text=&#8221;OUR MACHINERY PARK FOR YOUR COMPONENTS&#8221; font_container=&#8221;tag:h6|text_align:center|color:%23ffffff&#8221; use_theme_fonts=&#8221;yes&#8221;][vc_empty_space][vc_row_inner][vc_column_inner width=&#8221;1\/2&#8243;][vc_column_text]<\/p>\n<ul>\n<li>CNC-punch- and nibbler machine TRUMPF Trumatic 5000R<\/li>\n<li>Special tools unit for thread moulding<\/li>\n<li>Bending machine TruBend 5230<\/li>\n<li>CNC-trimming press 50t x 1250 mm and 130t x 3000 mm<\/li>\n<li>Deburring machines<\/li>\n<li>Plate shear 5 x 2000 mm<\/li>\n<li>Pillar drilling machine<\/li>\n<li>3-holes pillar drilling machine end-assembly<\/li>\n<li>Belt grinding machine<\/li>\n<\/ul>\n<p>[\/vc_column_text][\/vc_column_inner][vc_column_inner width=&#8221;1\/2&#8243;][vc_column_text]<\/p>\n<ul>\n<li>Edge milling machine<\/li>\n<li>Profile circular saw<\/li>\n<li>LORCH COBOT WELDING robot welder<\/li>\n<li>Spot welder<\/li>\n<li>MAG welding<\/li>\n<li>TIG welding<\/li>\n<li>Stud welding machine<\/li>\n<li>Blind rivet pliers<\/li>\n<\/ul>\n<p>[\/vc_column_text][\/vc_column_inner][\/vc_row_inner][\/vc_column][\/vc_row][\/vc_section]<\/p>\n<\/div>","protected":false},"excerpt":{"rendered":"<p>[vc_row][vc_column][vc_custom_heading text=&#8221;Component production Know-how together with the innovation of the lift specialist.&#8221; font_container=&#8221;tag:h1|text_align:left&#8221; use_theme_fonts=&#8221;yes&#8221;][vc_empty_space][\/vc_column][\/vc_row][vc_row full_width=&#8221;stretch_row&#8221; css=&#8221;.vc_custom_1555415615140{background-color: #ef7d00 !important;}&#8221;][vc_column][vc_empty_space][vc_column_text el_class=&#8221;text-white&#8221;]AS INDIVIDUAL <a class=\"excerpt-read-more\" href=\"https:\/\/www.liftwerk.de\/en\/liftwerk\/component-production\/\" title=\"weiterComponent production\">[&#8230;]<\/a><\/p>\n","protected":false},"author":1,"featured_media":5222,"parent":5117,"menu_order":0,"comment_status":"closed","ping_status":"closed","template":"big-hero.php","meta":{"footnotes":""},"class_list":["post-5220","page","type-page","status-publish","has-post-thumbnail","hentry"],"yoast_head":"<!-- This site is optimized with the Yoast SEO plugin v27.4 - https:\/\/yoast.com\/product\/yoast-seo-wordpress\/ -->\n<title>Component production &#183; Liftwerk \u2013 the wheelchair lift specialist.<\/title>\n<meta name=\"robots\" content=\"index, follow, max-snippet:-1, max-image-preview:large, max-video-preview:-1\" \/>\n<link rel=\"canonical\" href=\"https:\/\/www.liftwerk.de\/en\/liftwerk\/component-production\/\" \/>\n<meta property=\"og:locale\" content=\"en_US\" \/>\n<meta property=\"og:type\" content=\"article\" \/>\n<meta property=\"og:title\" content=\"Component production &#183; Liftwerk \u2013 the wheelchair lift specialist.\" \/>\n<meta property=\"og:description\" content=\"[vc_row][vc_column][vc_custom_heading text=&#8221;Component production Know-how together with the innovation of the lift specialist.&#8221; font_container=&#8221;tag:h1|text_align:left&#8221; use_theme_fonts=&#8221;yes&#8221;][vc_empty_space][\/vc_column][\/vc_row][vc_row full_width=&#8221;stretch_row&#8221; css=&#8221;.vc_custom_1555415615140{background-color: #ef7d00 !important;}&#8221;][vc_column][vc_empty_space][vc_column_text el_class=&#8221;text-white&#8221;]AS INDIVIDUAL [...]\" \/>\n<meta property=\"og:url\" content=\"https:\/\/www.liftwerk.de\/en\/liftwerk\/component-production\/\" \/>\n<meta property=\"og:site_name\" content=\"Liftwerk \u2013 the wheelchair lift specialist.\" \/>\n<meta property=\"article:modified_time\" content=\"2021-08-11T14:45:18+00:00\" \/>\n<meta property=\"og:image\" content=\"https:\/\/www.liftwerk.de\/wp-content\/uploads\/2019\/04\/abkantmaschine.jpg\" \/>\n\t<meta property=\"og:image:width\" content=\"1600\" \/>\n\t<meta property=\"og:image:height\" content=\"1069\" \/>\n\t<meta property=\"og:image:type\" content=\"image\/jpeg\" \/>\n<meta name=\"twitter:card\" content=\"summary_large_image\" \/>\n<meta name=\"twitter:label1\" content=\"Est. reading time\" \/>\n\t<meta name=\"twitter:data1\" content=\"2 minutes\" \/>\n<script type=\"application\/ld+json\" class=\"yoast-schema-graph\">{\"@context\":\"https:\\\/\\\/schema.org\",\"@graph\":[{\"@type\":\"WebPage\",\"@id\":\"https:\\\/\\\/www.liftwerk.de\\\/en\\\/liftwerk\\\/component-production\\\/\",\"url\":\"https:\\\/\\\/www.liftwerk.de\\\/en\\\/liftwerk\\\/component-production\\\/\",\"name\":\"Component production &#183; Liftwerk \u2013 the wheelchair lift specialist.\",\"isPartOf\":{\"@id\":\"https:\\\/\\\/www.liftwerk.de\\\/en\\\/#website\"},\"primaryImageOfPage\":{\"@id\":\"https:\\\/\\\/www.liftwerk.de\\\/en\\\/liftwerk\\\/component-production\\\/#primaryimage\"},\"image\":{\"@id\":\"https:\\\/\\\/www.liftwerk.de\\\/en\\\/liftwerk\\\/component-production\\\/#primaryimage\"},\"thumbnailUrl\":\"https:\\\/\\\/www.liftwerk.de\\\/wp-content\\\/uploads\\\/2019\\\/04\\\/abkantmaschine.jpg\",\"datePublished\":\"2019-03-06T12:04:38+00:00\",\"dateModified\":\"2021-08-11T14:45:18+00:00\",\"breadcrumb\":{\"@id\":\"https:\\\/\\\/www.liftwerk.de\\\/en\\\/liftwerk\\\/component-production\\\/#breadcrumb\"},\"inLanguage\":\"en-US\",\"potentialAction\":[{\"@type\":\"ReadAction\",\"target\":[\"https:\\\/\\\/www.liftwerk.de\\\/en\\\/liftwerk\\\/component-production\\\/\"]}]},{\"@type\":\"ImageObject\",\"inLanguage\":\"en-US\",\"@id\":\"https:\\\/\\\/www.liftwerk.de\\\/en\\\/liftwerk\\\/component-production\\\/#primaryimage\",\"url\":\"https:\\\/\\\/www.liftwerk.de\\\/wp-content\\\/uploads\\\/2019\\\/04\\\/abkantmaschine.jpg\",\"contentUrl\":\"https:\\\/\\\/www.liftwerk.de\\\/wp-content\\\/uploads\\\/2019\\\/04\\\/abkantmaschine.jpg\",\"width\":1600,\"height\":1069,\"caption\":\"Mit \u00e4u\u00dferster Pr\u00e4zession fertigen wir Hebeb\u00fchnen f\u00fcr Rollstuhlfahrer und Rollstuhlfahrerinnen.\"},{\"@type\":\"BreadcrumbList\",\"@id\":\"https:\\\/\\\/www.liftwerk.de\\\/en\\\/liftwerk\\\/component-production\\\/#breadcrumb\",\"itemListElement\":[{\"@type\":\"ListItem\",\"position\":1,\"name\":\"Homepage\",\"item\":\"https:\\\/\\\/www.liftwerk.de\\\/en\\\/\"},{\"@type\":\"ListItem\",\"position\":2,\"name\":\"Liftwerk\",\"item\":\"https:\\\/\\\/www.liftwerk.de\\\/en\\\/liftwerk\\\/\"},{\"@type\":\"ListItem\",\"position\":3,\"name\":\"Component production\"}]},{\"@type\":\"WebSite\",\"@id\":\"https:\\\/\\\/www.liftwerk.de\\\/en\\\/#website\",\"url\":\"https:\\\/\\\/www.liftwerk.de\\\/en\\\/\",\"name\":\"Liftwerk \u2013 the wheelchair lift specialist.\",\"description\":\"\",\"publisher\":{\"@id\":\"https:\\\/\\\/www.liftwerk.de\\\/en\\\/#organization\"},\"potentialAction\":[{\"@type\":\"SearchAction\",\"target\":{\"@type\":\"EntryPoint\",\"urlTemplate\":\"https:\\\/\\\/www.liftwerk.de\\\/en\\\/?s={search_term_string}\"},\"query-input\":{\"@type\":\"PropertyValueSpecification\",\"valueRequired\":true,\"valueName\":\"search_term_string\"}}],\"inLanguage\":\"en-US\"},{\"@type\":\"Organization\",\"@id\":\"https:\\\/\\\/www.liftwerk.de\\\/en\\\/#organization\",\"name\":\"Liftwerk GmbH\",\"url\":\"https:\\\/\\\/www.liftwerk.de\\\/en\\\/\",\"logo\":{\"@type\":\"ImageObject\",\"inLanguage\":\"en-US\",\"@id\":\"https:\\\/\\\/www.liftwerk.de\\\/en\\\/#\\\/schema\\\/logo\\\/image\\\/\",\"url\":\"https:\\\/\\\/www.liftwerk.de\\\/wp-content\\\/uploads\\\/2021\\\/08\\\/liftwerk-logo-login2x.png\",\"contentUrl\":\"https:\\\/\\\/www.liftwerk.de\\\/wp-content\\\/uploads\\\/2021\\\/08\\\/liftwerk-logo-login2x.png\",\"width\":640,\"height\":172,\"caption\":\"Liftwerk GmbH\"},\"image\":{\"@id\":\"https:\\\/\\\/www.liftwerk.de\\\/en\\\/#\\\/schema\\\/logo\\\/image\\\/\"}}]}<\/script>\n<!-- \/ Yoast SEO plugin. -->","yoast_head_json":{"title":"Component production &#183; Liftwerk \u2013 the wheelchair lift specialist.","robots":{"index":"index","follow":"follow","max-snippet":"max-snippet:-1","max-image-preview":"max-image-preview:large","max-video-preview":"max-video-preview:-1"},"canonical":"https:\/\/www.liftwerk.de\/en\/liftwerk\/component-production\/","og_locale":"en_US","og_type":"article","og_title":"Component production &#183; Liftwerk \u2013 the wheelchair lift specialist.","og_description":"[vc_row][vc_column][vc_custom_heading text=&#8221;Component production Know-how together with the innovation of the lift specialist.&#8221; font_container=&#8221;tag:h1|text_align:left&#8221; use_theme_fonts=&#8221;yes&#8221;][vc_empty_space][\/vc_column][\/vc_row][vc_row full_width=&#8221;stretch_row&#8221; css=&#8221;.vc_custom_1555415615140{background-color: #ef7d00 !important;}&#8221;][vc_column][vc_empty_space][vc_column_text el_class=&#8221;text-white&#8221;]AS INDIVIDUAL [...]","og_url":"https:\/\/www.liftwerk.de\/en\/liftwerk\/component-production\/","og_site_name":"Liftwerk \u2013 the wheelchair lift specialist.","article_modified_time":"2021-08-11T14:45:18+00:00","og_image":[{"width":1600,"height":1069,"url":"https:\/\/www.liftwerk.de\/wp-content\/uploads\/2019\/04\/abkantmaschine.jpg","type":"image\/jpeg"}],"twitter_card":"summary_large_image","twitter_misc":{"Est. reading time":"2 minutes"},"schema":{"@context":"https:\/\/schema.org","@graph":[{"@type":"WebPage","@id":"https:\/\/www.liftwerk.de\/en\/liftwerk\/component-production\/","url":"https:\/\/www.liftwerk.de\/en\/liftwerk\/component-production\/","name":"Component production &#183; Liftwerk \u2013 the wheelchair lift specialist.","isPartOf":{"@id":"https:\/\/www.liftwerk.de\/en\/#website"},"primaryImageOfPage":{"@id":"https:\/\/www.liftwerk.de\/en\/liftwerk\/component-production\/#primaryimage"},"image":{"@id":"https:\/\/www.liftwerk.de\/en\/liftwerk\/component-production\/#primaryimage"},"thumbnailUrl":"https:\/\/www.liftwerk.de\/wp-content\/uploads\/2019\/04\/abkantmaschine.jpg","datePublished":"2019-03-06T12:04:38+00:00","dateModified":"2021-08-11T14:45:18+00:00","breadcrumb":{"@id":"https:\/\/www.liftwerk.de\/en\/liftwerk\/component-production\/#breadcrumb"},"inLanguage":"en-US","potentialAction":[{"@type":"ReadAction","target":["https:\/\/www.liftwerk.de\/en\/liftwerk\/component-production\/"]}]},{"@type":"ImageObject","inLanguage":"en-US","@id":"https:\/\/www.liftwerk.de\/en\/liftwerk\/component-production\/#primaryimage","url":"https:\/\/www.liftwerk.de\/wp-content\/uploads\/2019\/04\/abkantmaschine.jpg","contentUrl":"https:\/\/www.liftwerk.de\/wp-content\/uploads\/2019\/04\/abkantmaschine.jpg","width":1600,"height":1069,"caption":"Mit \u00e4u\u00dferster Pr\u00e4zession fertigen wir Hebeb\u00fchnen f\u00fcr Rollstuhlfahrer und Rollstuhlfahrerinnen."},{"@type":"BreadcrumbList","@id":"https:\/\/www.liftwerk.de\/en\/liftwerk\/component-production\/#breadcrumb","itemListElement":[{"@type":"ListItem","position":1,"name":"Homepage","item":"https:\/\/www.liftwerk.de\/en\/"},{"@type":"ListItem","position":2,"name":"Liftwerk","item":"https:\/\/www.liftwerk.de\/en\/liftwerk\/"},{"@type":"ListItem","position":3,"name":"Component production"}]},{"@type":"WebSite","@id":"https:\/\/www.liftwerk.de\/en\/#website","url":"https:\/\/www.liftwerk.de\/en\/","name":"Liftwerk \u2013 the wheelchair lift specialist.","description":"","publisher":{"@id":"https:\/\/www.liftwerk.de\/en\/#organization"},"potentialAction":[{"@type":"SearchAction","target":{"@type":"EntryPoint","urlTemplate":"https:\/\/www.liftwerk.de\/en\/?s={search_term_string}"},"query-input":{"@type":"PropertyValueSpecification","valueRequired":true,"valueName":"search_term_string"}}],"inLanguage":"en-US"},{"@type":"Organization","@id":"https:\/\/www.liftwerk.de\/en\/#organization","name":"Liftwerk GmbH","url":"https:\/\/www.liftwerk.de\/en\/","logo":{"@type":"ImageObject","inLanguage":"en-US","@id":"https:\/\/www.liftwerk.de\/en\/#\/schema\/logo\/image\/","url":"https:\/\/www.liftwerk.de\/wp-content\/uploads\/2021\/08\/liftwerk-logo-login2x.png","contentUrl":"https:\/\/www.liftwerk.de\/wp-content\/uploads\/2021\/08\/liftwerk-logo-login2x.png","width":640,"height":172,"caption":"Liftwerk GmbH"},"image":{"@id":"https:\/\/www.liftwerk.de\/en\/#\/schema\/logo\/image\/"}}]}},"_links":{"self":[{"href":"https:\/\/www.liftwerk.de\/en\/wp-json\/wp\/v2\/pages\/5220","targetHints":{"allow":["GET"]}}],"collection":[{"href":"https:\/\/www.liftwerk.de\/en\/wp-json\/wp\/v2\/pages"}],"about":[{"href":"https:\/\/www.liftwerk.de\/en\/wp-json\/wp\/v2\/types\/page"}],"author":[{"embeddable":true,"href":"https:\/\/www.liftwerk.de\/en\/wp-json\/wp\/v2\/users\/1"}],"replies":[{"embeddable":true,"href":"https:\/\/www.liftwerk.de\/en\/wp-json\/wp\/v2\/comments?post=5220"}],"version-history":[{"count":9,"href":"https:\/\/www.liftwerk.de\/en\/wp-json\/wp\/v2\/pages\/5220\/revisions"}],"predecessor-version":[{"id":5570,"href":"https:\/\/www.liftwerk.de\/en\/wp-json\/wp\/v2\/pages\/5220\/revisions\/5570"}],"up":[{"embeddable":true,"href":"https:\/\/www.liftwerk.de\/en\/wp-json\/wp\/v2\/pages\/5117"}],"wp:featuredmedia":[{"embeddable":true,"href":"https:\/\/www.liftwerk.de\/en\/wp-json\/wp\/v2\/media\/5222"}],"wp:attachment":[{"href":"https:\/\/www.liftwerk.de\/en\/wp-json\/wp\/v2\/media?parent=5220"}],"curies":[{"name":"wp","href":"https:\/\/api.w.org\/{rel}","templated":true}]}}